{"id":1173,"date":"2023-12-13T19:24:01","date_gmt":"2023-12-13T18:24:01","guid":{"rendered":"https:\/\/www.wilkening-methode.com\/wp_uwhp\/?page_id=1173"},"modified":"2026-03-02T17:14:19","modified_gmt":"2026-03-02T16:14:19","slug":"online-training","status":"publish","type":"page","link":"https:\/\/www.wilkening-methode.com\/wp_uwhp\/online-training\/","title":{"rendered":"Online Training (Zoom)"},"content":{"rendered":"<p>Mein Integratives Trainingskonzept biete ich regelm\u00e4\u00dfig \u00fcber Zoom und Outdoor an.<\/p>\n<p><font color=green>Outdoor<\/font> &#038; <code>Zoom<\/code><\/p>\n<p><strong>Termine f\u00fcr M\u00e4rz 2026:<\/strong><br \/>\n<!-- <code><font color=green>LIVE-Workshop:\nSonntag, 11. J\u00e4nner 2026&nbsp;&nbsp;09:00 - 17:00<\/font><\/code>\n<a href= \"https:\/\/www.wilkening-methode.com\/ups\/Wilkening_Workshop_Jan_26.pdf\">Informationen und Anmeldung LIVE Workshop<\/a>\n--><br \/>\n<code>Zoom:<\/code><br \/>\n<!-- <a href= \"https:\/\/www.wilkening-methode.com\/ups\/Wilkening_Zoom_Jan_26.pdf\">Informationen und Anmeldung ZOOM<\/a>\nKosten: 15 Euro pro Zoomtermin oder f\u00fcr Paare 17 \u20ac gemeinsam pro Zoomtermin --><br \/>\n<code><br \/>\n1. Montag, 9. M\u00e4rz&nbsp;&nbsp;&nbsp;19:20 Uhr - ca. 20:45 Uhr<br \/>\n2. Montag, 16. M\u00e4rz&nbsp;&nbsp;&nbsp;19:20 Uhr - ca. 20:45 Uhr<br \/>\n3. Montag, 23. M\u00e4rz&nbsp;&nbsp;&nbsp;19:20 Uhr - ca. 20:45 Uhr<br \/>\n<\/code><\/p>\n<hr>\n<p><b>Alle Zoom-Termine finden <font color=green>Online<\/font> \u00fcber die Videotelefonie-App <a href=\"https:\/\/zoom.us\/de\/download\">Zoom<\/a> statt.<\/b> Eine Teilnahme ist idR auch \u00fcber den Browser m\u00f6glich.<\/p>\n<p><strong>Bei Interesse melde dich bei mir per <a href=\"mailto:physio@wilkening-methode.com?subject=ZoomTraining\">[Mail]<\/a> oder <a href=\"tel:+4368110297207\">[telefonisch]<\/a>.<\/strong><\/p>\n","protected":false},"excerpt":{"rendered":"<p>Mein Integratives Trainingskonzept biete ich regelm\u00e4\u00dfig \u00fcber Zoom und Outdoor an. Outdoor &#038; Zoom Termine f\u00fcr M\u00e4rz 2026: Zoom: 1. Montag, 9. M\u00e4rz&nbsp;&nbsp;&nbsp;19:20 Uhr &#8211; ca. 20:45 Uhr 2. Montag, 16. M\u00e4rz&nbsp;&nbsp;&nbsp;19:20 Uhr &#8211; ca. 20:45 Uhr 3. Montag, 23. M\u00e4rz&nbsp;&nbsp;&nbsp;19:20 Uhr &#8211; ca. 20:45 Uhr Alle Zoom-Termine finden Online \u00fcber die Videotelefonie-App Zoom statt. [&hellip;]<\/p>\n","protected":false},"author":1,"featured_media":0,"parent":0,"menu_order":0,"comment_status":"closed","ping_status":"closed","template":"","meta":{"footnotes":""},"class_list":["post-1173","page","type-page","status-publish","hentry"],"_links":{"self":[{"href":"https:\/\/www.wilkening-methode.com\/wp_uwhp\/wp-json\/wp\/v2\/pages\/1173","targetHints":{"allow":["GET"]}}],"collection":[{"href":"https:\/\/www.wilkening-methode.com\/wp_uwhp\/wp-json\/wp\/v2\/pages"}],"about":[{"href":"https:\/\/www.wilkening-methode.com\/wp_uwhp\/wp-json\/wp\/v2\/types\/page"}],"author":[{"embeddable":true,"href":"https:\/\/www.wilkening-methode.com\/wp_uwhp\/wp-json\/wp\/v2\/users\/1"}],"replies":[{"embeddable":true,"href":"https:\/\/www.wilkening-methode.com\/wp_uwhp\/wp-json\/wp\/v2\/comments?post=1173"}],"version-history":[{"count":78,"href":"https:\/\/www.wilkening-methode.com\/wp_uwhp\/wp-json\/wp\/v2\/pages\/1173\/revisions"}],"predecessor-version":[{"id":1650,"href":"https:\/\/www.wilkening-methode.com\/wp_uwhp\/wp-json\/wp\/v2\/pages\/1173\/revisions\/1650"}],"wp:attachment":[{"href":"https:\/\/www.wilkening-methode.com\/wp_uwhp\/wp-json\/wp\/v2\/media?parent=1173"}],"curies":[{"name":"wp","href":"https:\/\/api.w.org\/{rel}","templated":true}]}}