{"id":1218,"date":"2023-12-13T21:18:07","date_gmt":"2023-12-13T20:18:07","guid":{"rendered":"https:\/\/www.wilkening-methode.com\/wp_uwhp\/?page_id=1218"},"modified":"2025-04-08T13:11:24","modified_gmt":"2025-04-08T11:11:24","slug":"fachartikel","status":"publish","type":"page","link":"https:\/\/www.wilkening-methode.com\/wp_uwhp\/fachartikel\/","title":{"rendered":"Fachartikel"},"content":{"rendered":"<ul>\n<li>\nDie klinische Untersuchung nach McKenzie &#8211; <i>M\u00f6glichkeiten und Grenzen der modernen Physiotherapie<\/i><a href=\"https:\/\/www.wilkening-methode.com\/ups\/rheuma-plus_wilkening_csc.pdf\"> [Download]<\/a><\/li>\n<li>\n<p>TOKS &#8211; Thoracic Outlet Kompressions Syndrom: \u00dcberbegriff f\u00fcr verschiedene Symptome des oberen Brustkorbs, in Kombination mit Problemen im Schulter-Nacken-Bereich<a href=\"https:\/\/www.wilkening-methode.com\/ups\/rheuma-plus_wilkening_csc.pdf\"> [Download]<\/a><\/li>\n<\/ul>\n","protected":false},"excerpt":{"rendered":"<p>Die klinische Untersuchung nach McKenzie &#8211; M\u00f6glichkeiten und Grenzen der modernen Physiotherapie [Download] TOKS &#8211; Thoracic Outlet Kompressions Syndrom: \u00dcberbegriff f\u00fcr verschiedene Symptome des oberen Brustkorbs, in Kombination mit Problemen im Schulter-Nacken-Bereich [Download]<\/p>\n","protected":false},"author":1,"featured_media":0,"parent":0,"menu_order":0,"comment_status":"closed","ping_status":"closed","template":"","meta":{"_surecart_dashboard_logo_width":"180px","_surecart_dashboard_show_logo":true,"_surecart_dashboard_navigation_orders":true,"_surecart_dashboard_navigation_invoices":true,"_surecart_dashboard_navigation_subscriptions":true,"_surecart_dashboard_navigation_downloads":true,"_surecart_dashboard_navigation_billing":true,"_surecart_dashboard_navigation_account":true,"footnotes":""},"class_list":["post-1218","page","type-page","status-publish","hentry"],"_links":{"self":[{"href":"https:\/\/www.wilkening-methode.com\/wp_uwhp\/wp-json\/wp\/v2\/pages\/1218","targetHints":{"allow":["GET"]}}],"collection":[{"href":"https:\/\/www.wilkening-methode.com\/wp_uwhp\/wp-json\/wp\/v2\/pages"}],"about":[{"href":"https:\/\/www.wilkening-methode.com\/wp_uwhp\/wp-json\/wp\/v2\/types\/page"}],"author":[{"embeddable":true,"href":"https:\/\/www.wilkening-methode.com\/wp_uwhp\/wp-json\/wp\/v2\/users\/1"}],"replies":[{"embeddable":true,"href":"https:\/\/www.wilkening-methode.com\/wp_uwhp\/wp-json\/wp\/v2\/comments?post=1218"}],"version-history":[{"count":14,"href":"https:\/\/www.wilkening-methode.com\/wp_uwhp\/wp-json\/wp\/v2\/pages\/1218\/revisions"}],"predecessor-version":[{"id":1449,"href":"https:\/\/www.wilkening-methode.com\/wp_uwhp\/wp-json\/wp\/v2\/pages\/1218\/revisions\/1449"}],"wp:attachment":[{"href":"https:\/\/www.wilkening-methode.com\/wp_uwhp\/wp-json\/wp\/v2\/media?parent=1218"}],"curies":[{"name":"wp","href":"https:\/\/api.w.org\/{rel}","templated":true}]}}