{"id":132,"date":"2015-11-20T15:42:18","date_gmt":"2015-11-20T14:42:18","guid":{"rendered":"http:\/\/www.wilkening-methode.com\/wp_uwhp\/?page_id=132"},"modified":"2026-01-29T19:30:26","modified_gmt":"2026-01-29T18:30:26","slug":"impressum","status":"publish","type":"page","link":"https:\/\/www.wilkening-methode.com\/wp_uwhp\/impressum\/","title":{"rendered":"Impressum"},"content":{"rendered":"<div align=\"justify\"><b>Inhaber der Website und verantwortlich f\u00fcr den Inhalt:<\/b><br \/>\nUlrike Wilkening<\/p>\n<p><b>Haftungshinweis<\/b><br \/>\nDer Betreiber dieser Homepage haftet nicht f\u00fcr den Inhalt externer Internetseiten, zu denen er Hyperlinks auf seiner Homepage eingebunden hat. Der Inhalt der externen Seiten entspricht nach Kenntnis der Betreiber dieser Homepage geltendem Recht. Diese Inhalte sind fremde Inhalte im Sinne des \u00a75 II MDStv. bzw. keine eigenen Inhalte gem. \u00a78 I TDG. Von etwaigen Verst\u00f6\u00dfen gegen Rechtsvorschriften durch die externen Seiten ist ihm nichts bekannt. Sollten ohne Wissen des Betreibers auf externen Seiten Rechtsverst\u00f6\u00dfe stattfinden, so distanziert sich der Betreiber hiermit ausdr\u00fccklich von diesen Verst\u00f6\u00dfen. Eine Distanzierung findet auch von den sonstigen rechtm\u00e4\u00dfigen und -widrigen Inhalten der externen Seiten statt, f\u00fcr die lediglich die Betreiber jener Seiten verantwortlich sind und auf die der Betreiber dieser Homepage keinen Einfluss nehmen kann.<\/p>\n<p><b>Datenschutz<\/b> (Datenschutzerkl\u00e4rung)<br \/>\nDer Schutz Ihrer pers\u00f6nlichen Daten ist uns ein besonderes Anliegen. Wir verarbeiten \u00fcber die Webseite keine Ihrer Daten und speichern diese auch nicht. Diese Domain wird von World4you gemietet, diese besitzen eine eigene Datenschutzerkl\u00e4rung.<br \/>\nWenn Sie per E-Mail Kontakt mit uns aufnehmen, werden Ihre angegebenen Daten zweckgebunden verwendet. Diese Daten geben wir nicht ohne Ihre Einwilligung weiter.<br \/>\nMelden Sie sich bei uns f\u00fcr ein Seminar oder einen Workshop an oder Verwenden das Feedback-Formular, werden Ihre Daten zweckgebunden verwendet und sofern dies notwendig ist, zur Buchung von Unterk\u00fcnften, etc, weitergegeben.<br \/>\nIhnen stehen bez\u00fcglich Ihrer bei uns gespeicherten Daten grunds\u00e4tzlich die Rechte auf Auskunft, Berichtigung, L\u00f6schung, Einschr\u00e4nkung, Daten\u00fcbertragbarkeit, Widerruf und Widerspruch zu. Wenn Sie glauben, dass die Verarbeitung Ihrer Daten gegen das Datenschutzrecht verst\u00f6\u00dft oder Ihre datenschutzrechtlichen Anspr\u00fcche sonst in einer Weise verletzt worden sind, k\u00f6nnen Sie sich bei uns physio@wilkening-methode.com Betreff Datenschutzbeschwerde beschweren.<\/p>\n<p><b>Rechtliche Hinweise<\/b><br \/>\nKopieren oder Reproduktion von Design, Text, alle Fotografien und Grafiken sind nicht erlaubt.<br \/>\n\u00a9 Ulrike Wilkening. Alle Rechte vorbehalten.\n<\/div>\n<div>\n<p style=\"float: left\"><a href = \"#top\">&#8682; Top<\/a><\/p>\n<\/div>\n","protected":false},"excerpt":{"rendered":"<p>Inhaber der Website und verantwortlich f\u00fcr den Inhalt: Ulrike Wilkening Haftungshinweis Der Betreiber dieser Homepage haftet nicht f\u00fcr den Inhalt externer Internetseiten, zu denen er Hyperlinks auf seiner Homepage eingebunden hat. Der Inhalt der externen Seiten entspricht nach Kenntnis der Betreiber dieser Homepage geltendem Recht. Diese Inhalte sind fremde Inhalte im Sinne des \u00a75 II [&hellip;]<\/p>\n","protected":false},"author":2,"featured_media":0,"parent":0,"menu_order":3,"comment_status":"closed","ping_status":"closed","template":"","meta":{"footnotes":""},"class_list":["post-132","page","type-page","status-publish","hentry"],"_links":{"self":[{"href":"https:\/\/www.wilkening-methode.com\/wp_uwhp\/wp-json\/wp\/v2\/pages\/132","targetHints":{"allow":["GET"]}}],"collection":[{"href":"https:\/\/www.wilkening-methode.com\/wp_uwhp\/wp-json\/wp\/v2\/pages"}],"about":[{"href":"https:\/\/www.wilkening-methode.com\/wp_uwhp\/wp-json\/wp\/v2\/types\/page"}],"author":[{"embeddable":true,"href":"https:\/\/www.wilkening-methode.com\/wp_uwhp\/wp-json\/wp\/v2\/users\/2"}],"replies":[{"embeddable":true,"href":"https:\/\/www.wilkening-methode.com\/wp_uwhp\/wp-json\/wp\/v2\/comments?post=132"}],"version-history":[{"count":30,"href":"https:\/\/www.wilkening-methode.com\/wp_uwhp\/wp-json\/wp\/v2\/pages\/132\/revisions"}],"predecessor-version":[{"id":1644,"href":"https:\/\/www.wilkening-methode.com\/wp_uwhp\/wp-json\/wp\/v2\/pages\/132\/revisions\/1644"}],"wp:attachment":[{"href":"https:\/\/www.wilkening-methode.com\/wp_uwhp\/wp-json\/wp\/v2\/media?parent=132"}],"curies":[{"name":"wp","href":"https:\/\/api.w.org\/{rel}","templated":true}]}}