{"id":252,"date":"2016-07-05T18:30:56","date_gmt":"2016-07-05T16:30:56","guid":{"rendered":"http:\/\/www.wilkening-methode.com\/wp_uwhp\/?page_id=252"},"modified":"2025-09-14T12:29:15","modified_gmt":"2025-09-14T10:29:15","slug":"spezialisierung-2","status":"publish","type":"page","link":"https:\/\/www.wilkening-methode.com\/wp_uwhp\/spezialisierung-2\/","title":{"rendered":"<font color=\"#000000\">Ihre Schmerzursache zu diagnostizieren ist meine Spezialisierung<\/font>"},"content":{"rendered":"<p><b>Ich habe mich auf die Therapie von Folgesch\u00e4den durch Instabilit\u00e4ten spezialisiert.<\/b><br \/>\n<a name=\"inst\"><\/a>Instabilit\u00e4ten sind Krankheitsbilder, die nicht prim\u00e4r durch \u00e4u\u00dfere Faktoren wie zum Beispiel durch Traumen ausgel\u00f6st werden, sondern durch einen schleichenden Stabilit\u00e4tsverlust des Bewegungsapparats.<br \/>\n<b>Hauptursachen sind:<\/b><\/p>\n<ol style=\"margin-top: -1.5em;\">\n<li>Fehlbelastung und ungesicherte Gelenkbewegungen.<\/li>\n<li>Elastizit\u00e4tsverlust des St\u00fctzgewebes durch \u00dcbers\u00e4uerung und Stress.<\/li>\n<\/ol>\n<p>Dazu empfehle ich <strong>eine Bewegungsanalyse<\/strong> zur Einstellung deiner individuellen K\u00f6rperhaltung zur statisch korrekten Gelenkbelastung. <\/p>\n<p><b>Typische Krankheitsbilder:<\/b><\/p>\n<ul style=\"margin-top: -1.5em;list-style-type: none;\">\n<li>Bandscheibenvorf\u00e4lle &#038; segmentale Verschiebungen der Wirbelgelenke<\/li>\n<li>Nackenschmerzen, Schwindel, Migr\u00e4ne<\/li>\n<li>Knieschmerzen<\/li>\n<li>Fu\u00dfschmerzen bei Belastung<\/li>\n<li>Impigment Schulter<\/li>\n<li><a href=\"https:\/\/www.wilkening-methode.com\/ups\/TOKS_Wilkening_Methode.pdf\">TOKS (Thoracic Outlet Kompressions Syndrom)<\/a> wird als \u00dcberbegriff f\u00fcr verschiedene Symptome des oberen Brustkorbs, in Kombination mit Problemen im Schulter-Nacken-Bereich verwendet.<\/li>\n<\/ul>\n<\/div>\n<div>\n<p style=\"float: left\"><a href = \"#top\">&#8682; Top<\/a><\/p>\n<\/div>\n","protected":false},"excerpt":{"rendered":"<p>Ich habe mich auf die Therapie von Folgesch\u00e4den durch Instabilit\u00e4ten spezialisiert. Instabilit\u00e4ten sind Krankheitsbilder, die nicht prim\u00e4r durch \u00e4u\u00dfere Faktoren wie zum Beispiel durch Traumen ausgel\u00f6st werden, sondern durch einen schleichenden Stabilit\u00e4tsverlust des Bewegungsapparats. Hauptursachen sind: Fehlbelastung und ungesicherte Gelenkbewegungen. Elastizit\u00e4tsverlust des St\u00fctzgewebes durch \u00dcbers\u00e4uerung und Stress. Dazu empfehle ich eine Bewegungsanalyse zur Einstellung deiner [&hellip;]<\/p>\n","protected":false},"author":1,"featured_media":0,"parent":0,"menu_order":0,"comment_status":"closed","ping_status":"closed","template":"","meta":{"_surecart_dashboard_logo_width":"180px","_surecart_dashboard_show_logo":true,"_surecart_dashboard_navigation_orders":true,"_surecart_dashboard_navigation_invoices":true,"_surecart_dashboard_navigation_subscriptions":true,"_surecart_dashboard_navigation_downloads":true,"_surecart_dashboard_navigation_billing":true,"_surecart_dashboard_navigation_account":true,"footnotes":""},"class_list":["post-252","page","type-page","status-publish","hentry"],"_links":{"self":[{"href":"https:\/\/www.wilkening-methode.com\/wp_uwhp\/wp-json\/wp\/v2\/pages\/252","targetHints":{"allow":["GET"]}}],"collection":[{"href":"https:\/\/www.wilkening-methode.com\/wp_uwhp\/wp-json\/wp\/v2\/pages"}],"about":[{"href":"https:\/\/www.wilkening-methode.com\/wp_uwhp\/wp-json\/wp\/v2\/types\/page"}],"author":[{"embeddable":true,"href":"https:\/\/www.wilkening-methode.com\/wp_uwhp\/wp-json\/wp\/v2\/users\/1"}],"replies":[{"embeddable":true,"href":"https:\/\/www.wilkening-methode.com\/wp_uwhp\/wp-json\/wp\/v2\/comments?post=252"}],"version-history":[{"count":53,"href":"https:\/\/www.wilkening-methode.com\/wp_uwhp\/wp-json\/wp\/v2\/pages\/252\/revisions"}],"predecessor-version":[{"id":1517,"href":"https:\/\/www.wilkening-methode.com\/wp_uwhp\/wp-json\/wp\/v2\/pages\/252\/revisions\/1517"}],"wp:attachment":[{"href":"https:\/\/www.wilkening-methode.com\/wp_uwhp\/wp-json\/wp\/v2\/media?parent=252"}],"curies":[{"name":"wp","href":"https:\/\/api.w.org\/{rel}","templated":true}]}}