{"id":26,"date":"2015-11-08T14:03:41","date_gmt":"2015-11-08T13:03:41","guid":{"rendered":"http:\/\/www.wilkening-methode.com\/wp_uwhp\/?page_id=26"},"modified":"2025-01-30T19:27:56","modified_gmt":"2025-01-30T18:27:56","slug":"ueber-mich-2","status":"publish","type":"page","link":"https:\/\/www.wilkening-methode.com\/wp_uwhp\/ueber-mich-2\/","title":{"rendered":"<font color=\"#000000\">\u00dcber mich<\/font>"},"content":{"rendered":"<div align=\"justify\"><strong>Zu meiner Person<\/strong><img decoding=\"async\" class=\"alignleft\" src=\"http:\/\/www.wilkening-methode.com\/ups\/pics\/uebermich7.jpg\" alt=\"\" width=\"190\" \/><br \/>\nAufgewachsen auf der Insel Sylt, danach Leben und Arbeit in Hamburg.<br \/>\n1980 Abschluss zur diplomierten Physiotherapeutin am Universit\u00e4tskrankenhaus Hamburg Eppendorf.<br \/>\nArbeit an verschiedenen Kliniken und in eigener Praxis bei Hamburg.<br \/>\nSeit 2009 arbeite ich selbstst\u00e4ndig in Wien in effektiver und interdisziplin\u00e4rer Zusammenarbeit mit verschiedenen Fach\u00e4rzten.<br \/>\nZus\u00e4tzlich biete ich Workshops zur Pr\u00e4vention und Rehabilitation \u00fcberregional an.<\/p>\n<p><strong><a href=\"http:\/\/www.wilkening-methode.com\/wp_uwhp\/?page_id=252\">Spezialisierung<\/a> auf R\u00fccken- und Gelenkschmerzen<\/strong><br \/>\nIch behandle Schmerz-Patienten aus den Fachbereichen Orthop\u00e4die, Chirurgie, Neurologie und Gyn\u00e4kologie.<br \/>\nAls examinierte McKenzie- und Manual-Therapeutin habe ich viel Erfahrung mit der funktionellen Untersuchung und Behandlung des Bewegungsapparats unter Einbeziehung stressbedingter Faktoren.<br \/>\nMeine St\u00e4rken sind Haltungs- und Bewegungsanalysen zur Ermittlung der Schmerzursache bei Fehlbelastung im Alltag und bei Problemen durch Sport.<\/p>\n<p>Meine gesamten Erfahrungen mit Untersuchung, Therapie und Training habe ich als komplexes Behandlungskonzept zu einer eigenen Methode zusammengefasst. Das <a href=\"https:\/\/www.wilkening-methode.com\/wp_uwhp\/?page_id=49\">integrative Trainingskonzept<\/a> ber\u00fccksichtigt die Wechselwirkung zwischen k\u00f6rperlichen, seelischen und stoffwechselbedingten Problemen.<br \/>\nIch verbinde das Wissen der klassischen Orthop\u00e4die und Gehirnforschung mit der ganzheitlichen Betrachtung des Menschen.<br \/>\nSehr wichtig ist mir, meine Patienten durch den gesamten, manchmal auch langwierigen Heilungsprozess zu begleiten.<\/p>\n<p>Auch privat zieht sich mein Interesse f\u00fcr Sport, Bewegung und die Funktion des menschlichen K\u00f6rpers wie ein roter Faden durch mein Leben: Reiten, Schwimmen und Ballett seit fr\u00fchester Kindheit, im Abitur Biologie, Latein und Sport als Hauptpr\u00fcfungsf\u00e4cher. Besonders gilt mein Interesse dem psychologischen und philosophischen Einfluss auf die Entwicklung des Menschen.<br \/>\nSchon in der Schule habe ich Ern\u00e4hrungsvortr\u00e4ge gehalten und gehe auch heute noch sehr bewusst mit Nahrungsmitteln um. Den engen Zusammenhang zwischen Ern\u00e4hrungszustand, Darmgesundheit und Gelenkschmerzen beziehe ich in meine Arbeit mit ein.<br \/>\nIch versuche stets allem Neuen aufgeschlossen gegen\u00fcber zu stehen und lerne t\u00e4glich dazu, besonders von den Menschen, die mir bei der Arbeit und privat begegnen. Genauso sch\u00e4tze ich den Austausch mit meinen drei erwachsenen Kindern.<br \/>\nDurch stetige <a href=\"http:\/\/www.wilkening-methode.com\/wp_uwhp\/?page_id=68\">Fortbildungen<\/a>, wie z.B. zur examinierten McKenzie-Therapeutin passe ich meine Arbeit laufend den aktuellen Erkenntnissen an.\n<\/div>\n<div>\n<p style=\"float: left\"><a href = \"#top\">&#8682; Top<\/a><\/p>\n<p style=\"float: right\"><a href=\"http:\/\/www.wilkening-methode.com\/wp_uwhp\/?page_id=51\">Kontakt<\/a><\/p>\n<\/div>\n","protected":false},"excerpt":{"rendered":"<p>Zu meiner Person Aufgewachsen auf der Insel Sylt, danach Leben und Arbeit in Hamburg. 1980 Abschluss zur diplomierten Physiotherapeutin am Universit\u00e4tskrankenhaus Hamburg Eppendorf. Arbeit an verschiedenen Kliniken und in eigener Praxis bei Hamburg. Seit 2009 arbeite ich selbstst\u00e4ndig in Wien in effektiver und interdisziplin\u00e4rer Zusammenarbeit mit verschiedenen Fach\u00e4rzten. Zus\u00e4tzlich biete ich Workshops zur Pr\u00e4vention und [&hellip;]<\/p>\n","protected":false},"author":2,"featured_media":0,"parent":0,"menu_order":0,"comment_status":"closed","ping_status":"closed","template":"","meta":{"footnotes":""},"class_list":["post-26","page","type-page","status-publish","hentry"],"_links":{"self":[{"href":"https:\/\/www.wilkening-methode.com\/wp_uwhp\/wp-json\/wp\/v2\/pages\/26","targetHints":{"allow":["GET"]}}],"collection":[{"href":"https:\/\/www.wilkening-methode.com\/wp_uwhp\/wp-json\/wp\/v2\/pages"}],"about":[{"href":"https:\/\/www.wilkening-methode.com\/wp_uwhp\/wp-json\/wp\/v2\/types\/page"}],"author":[{"embeddable":true,"href":"https:\/\/www.wilkening-methode.com\/wp_uwhp\/wp-json\/wp\/v2\/users\/2"}],"replies":[{"embeddable":true,"href":"https:\/\/www.wilkening-methode.com\/wp_uwhp\/wp-json\/wp\/v2\/comments?post=26"}],"version-history":[{"count":38,"href":"https:\/\/www.wilkening-methode.com\/wp_uwhp\/wp-json\/wp\/v2\/pages\/26\/revisions"}],"predecessor-version":[{"id":1403,"href":"https:\/\/www.wilkening-methode.com\/wp_uwhp\/wp-json\/wp\/v2\/pages\/26\/revisions\/1403"}],"wp:attachment":[{"href":"https:\/\/www.wilkening-methode.com\/wp_uwhp\/wp-json\/wp\/v2\/media?parent=26"}],"curies":[{"name":"wp","href":"https:\/\/api.w.org\/{rel}","templated":true}]}}