{"id":41,"date":"2015-11-08T14:57:18","date_gmt":"2015-11-08T13:57:18","guid":{"rendered":"http:\/\/www.wilkening-methode.com\/wp_uwhp\/?page_id=41"},"modified":"2025-09-14T12:25:23","modified_gmt":"2025-09-14T10:25:23","slug":"physiotherapie","status":"publish","type":"page","link":"https:\/\/www.wilkening-methode.com\/wp_uwhp\/physiotherapie\/","title":{"rendered":"Physiotherapie &#038; McKenzie-Konzept"},"content":{"rendered":"<p><b>Ganzheitlich orientierte Physiotherapie &#038; K\u00f6rpertherapie<\/b><\/p>\n<div align=justify>\n<strong>Habst du akute Schmerzen?<\/strong><br \/>\nz.B. einen steifen Nacken, R\u00fcckenschmerzen, Hexenschuss oder Schultersteife?<br \/>\nIch halte immer ein Terminkontingent f\u00fcr Schmerzpatienten bereit.<br \/>\nKontaktiere mich unter <a href=\"tel:+4368110297207\">+43\/681 102 97 207<\/a> an, um einen Termin zu vereinbaren.<br \/>\n<bR><\/p>\n<ul type=circle  style=\"margin-top:-1.5em;\">\n<li>Hast du chronische Beschwerden?<\/li>\n<li>Leidest du trotz vieler Therapieversuche unter R\u00fccken- und Gelenkschmerzen?<\/li>\n<li>Hast du zeitweilig Schmerzen bei einseitiger Belastung?<\/li>\n<li>Vielleicht bist du Hobbyt\u00e4nzer, arbeitest gern im Garten, bist Sportler oder wirst durch deinen Beruf stark belastet, wie z.B. langes Sitzen am PC oder das Tragen schwerer Lasten?<\/li>\n<\/ul>\n<p><strong>Was verbindest ich mit ganzheitlicher Physiotherapie?<\/strong><br \/>\nF\u00fcr mich als Physiotherapeutin stehst du als Mensch im Vordergrund. Ich behandle nicht nur dein schmerzendes K\u00f6rperteil, sondern dein gesamtes k\u00f6rperliches und psychisches System.<\/p>\n<p><center><img loading=\"lazy\" decoding=\"async\" src=\"http:\/\/www.wilkening-methode.com\/ups\/pics\/physiopic.jpg\" alt=\"\" width=\"300\" height=\"225\" \/><\/center><\/p>\n<p>Meiner Erfahrung nach ist ein langfristiger Behandlungserfolg nur unter Ber\u00fccksichtigung der kausalen Zusammenh\u00e4nge im komplexen Schmerzgeschehen gew\u00e4hrleistet. Im Vordergrund stehen Ausl\u00f6ser und Ursache eines Problems. Ausl\u00f6ser k\u00f6nnen \u00dcber- oder Fehlbelastung sein, Sportverletzungen und oftmals undefinierbare Schmerzen. Ursachen k\u00f6nnen in einem Bewegungsmangel, N\u00e4hrstoffmangel oder ungekl\u00e4rten psychischen Themen begr\u00fcndet sein.<\/p>\n<p>Basis f\u00fcr eine zielf\u00fchrende Therapie bei akuten und chronischen Beschwerden am Bewegungsapparat ist eine genaue Funktionsdiagnostik.<br \/>\nBildgebende Verfahren, wie R\u00f6ntgen und MRT k\u00f6nnen zur Bestimmung der Erkrankung wichtig sein. Die Bilder zeigen jedoch oft die Ursache der Schmerzen nicht genau an, weil der Ort der Schmerzentstehung nicht identisch mit dem Bild-Befund ist und an einem Problem verschiedene Strukturen beteiligt sein k\u00f6nnen.<br \/>\nBeispiel 1: Das R\u00f6ntgenbild zeigt eine verschobene Bandscheibe; der Schmerz jedoch entsteht durch die Blockade eines Wirbelgelenks.<br \/>\nBeispiel 2:  Knieschmerzen werden am R\u00f6ntgenbild mit einer Arthrose im Knie begr\u00fcndet. Die Funktionsuntersuchung ergibt jedoch als Ursache eine Blockade im H\u00fcftgelenk mit ausstrahlenden Schmerzen ins Knie.<br \/>\nDas sind nur zwei Beispiele von vielen diagnostischen \u201aMissverst\u00e4ndnissen\u2018, die zu Langzeitschmerzen f\u00fchren k\u00f6nnen. Je genauer der Befund\u2014desto zielf\u00fchrender die Therapie. Robin McKenzie begr\u00fcndete die Entwicklung seines Konzepts mit dem einfachen Satz: \u201eWhere ist the pain coming from?\u201c Deshalb ist die Die McKenzie Methode\u00ae eine der weltweit anerkanntesten Therapien zur Behandlung von Beschwerden am Bewegungsapparat.<\/p>\n<p>Als <b>examinierte McKenzie-Therapeutin<\/b> biete ich Ihnen eine pr\u00e4zise mechanische Diagnostik und Therapie nach dem <a href=\"https:\/\/de.mckenzieinstitute.org\/f%C3%BCr-patienten\/worum-geht-es\/\">McKenzie-Konzept<\/a> und die manuelle Therapie und Funktionsdiagnostik nach <a href=\"https:\/\/de.wikipedia.org\/wiki\/James_Cyriax\">Dr. James Cyriax<\/a> an:<\/p>\n<p>\u201e<strong>Die McKenzie Methode<\/strong>\u00ae &#8211; Mechanische Diagnose und Therapie\u00ae (MDT) ist eine Vorgehensweise zum Management von Wirbels\u00e4ulen- und Extremit\u00e4tenproblemen. Sie zeichnet sich durch eine zuverl\u00e4ssige und wissenschaftlich \u00fcberpr\u00fcfte Untersuchungs- und Behandlungsmethodik aus. Ziel ist eine aktive Einbindung des Patienten und seine Teilnahme am Management seiner Beschwerden.\u201c Das mechanische Verhalten der vorliegenden Beschwerden wird analysiert und das daraus resultierende Ergebnis f\u00fchrt zu einem geeigneten Behandlungsplan.<\/p>\n<p><strong>Behandlung &#038; manuelle Therapie nach Dr. J. Cyriax<\/strong><br \/>\nDarunter versteht man eine manuelle Technik, die der funktionellen Gelenk- und Weichteildiagnostik dient. Alle St\u00f6rungen am Bewegungsapparat werden nach speziellen Struktursch\u00e4den eingeteilt: Therapeutisch werden dazu bei Gelenkproblemen die manuelle Mobilisation angewandt und bei Spannungszust\u00e4nden von Muskeln, Entz\u00fcndungen verletzter Gelenkkapseln, B\u00e4nder, Schleimbeutel und Bandscheiben jeweils spezielle Massagetechniken. Voraussetzung f\u00fcr alle diese Behandlungen ist eine exakte Befundaufnahme und Funktionsdiagnostik der betroffenen Strukturen.<br \/>\n<b>Das Besondere:<\/b><\/p>\n<ul style=\"margin-top:-1.5em;\">\n<li>Die therapeutische Vorgehensweise ist logisch aufgebaut und der Patient lernt Schmerzen w\u00e4hrend des \u00dcbungsprogramms selbst einzusch\u00e4tzen. Die durch die Untersuchung erkannte \u201eSchmerzqualit\u00e4t\u201c hat einen vorhersagbaren Effekt. Der Patient gewinnt dadurch im Umgang mit seinen Schmerzen mehr Sicherheit.<\/li>\n<li>Die \u00dcbungen sind leicht im Alltag zu integrieren<\/li>\n<li>Die Methode erm\u00f6glicht es dem Therapeuten, schnell zu erkennen, welchen Patienten die Behandlung nutzen kann und reduziert so die Notwendigkeit teurer Langzeitbehandlungen und vermehrter radiologischer Untersuchungen.<\/li>\n<\/ul>\n<p><a href=\"https:\/\/www.wilkening-methode.com\/wp_uwhp\/?page_id=1218\">Fachartikel zu McKenzie<\/a><\/p>\n<\/div>\n<p><!--\n<b>Fachartikel zu McKenzie:<\/b>\nDie klinische Untersuchung nach McKenzie - <i>M\u00f6glichkeiten und Grenzen der modernen Physiotherapie<\/i><a href=\"http:\/\/www.wilkening-methode.com\/ups\/rheuma-plus_wilkening_csc.pdf\"> [Download]<\/a>\n\n--><\/p>\n<\/div>\n<div>\n<p style=\"float: left\"><a href = \"#top\">&#8682; Top<\/a><\/p>\n<\/div>\n","protected":false},"excerpt":{"rendered":"<p>Ganzheitlich orientierte Physiotherapie &#038; K\u00f6rpertherapie Habst du akute Schmerzen? z.B. einen steifen Nacken, R\u00fcckenschmerzen, Hexenschuss oder Schultersteife? Ich halte immer ein Terminkontingent f\u00fcr Schmerzpatienten bereit. Kontaktiere mich unter +43\/681 102 97 207 an, um einen Termin zu vereinbaren. Hast du chronische Beschwerden? Leidest du trotz vieler Therapieversuche unter R\u00fccken- und Gelenkschmerzen? Hast du zeitweilig Schmerzen [&hellip;]<\/p>\n","protected":false},"author":2,"featured_media":0,"parent":0,"menu_order":0,"comment_status":"closed","ping_status":"closed","template":"","meta":{"_surecart_dashboard_logo_width":"180px","_surecart_dashboard_show_logo":true,"_surecart_dashboard_navigation_orders":true,"_surecart_dashboard_navigation_invoices":true,"_surecart_dashboard_navigation_subscriptions":true,"_surecart_dashboard_navigation_downloads":true,"_surecart_dashboard_navigation_billing":true,"_surecart_dashboard_navigation_account":true,"footnotes":""},"class_list":["post-41","page","type-page","status-publish","hentry"],"_links":{"self":[{"href":"https:\/\/www.wilkening-methode.com\/wp_uwhp\/wp-json\/wp\/v2\/pages\/41","targetHints":{"allow":["GET"]}}],"collection":[{"href":"https:\/\/www.wilkening-methode.com\/wp_uwhp\/wp-json\/wp\/v2\/pages"}],"about":[{"href":"https:\/\/www.wilkening-methode.com\/wp_uwhp\/wp-json\/wp\/v2\/types\/page"}],"author":[{"embeddable":true,"href":"https:\/\/www.wilkening-methode.com\/wp_uwhp\/wp-json\/wp\/v2\/users\/2"}],"replies":[{"embeddable":true,"href":"https:\/\/www.wilkening-methode.com\/wp_uwhp\/wp-json\/wp\/v2\/comments?post=41"}],"version-history":[{"count":64,"href":"https:\/\/www.wilkening-methode.com\/wp_uwhp\/wp-json\/wp\/v2\/pages\/41\/revisions"}],"predecessor-version":[{"id":1512,"href":"https:\/\/www.wilkening-methode.com\/wp_uwhp\/wp-json\/wp\/v2\/pages\/41\/revisions\/1512"}],"wp:attachment":[{"href":"https:\/\/www.wilkening-methode.com\/wp_uwhp\/wp-json\/wp\/v2\/media?parent=41"}],"curies":[{"name":"wp","href":"https:\/\/api.w.org\/{rel}","templated":true}]}}