{"id":47,"date":"2015-11-08T14:57:55","date_gmt":"2015-11-08T13:57:55","guid":{"rendered":"http:\/\/www.wilkening-methode.com\/wp_uwhp\/?page_id=47"},"modified":"2026-03-10T12:09:15","modified_gmt":"2026-03-10T11:09:15","slug":"termine","status":"publish","type":"page","link":"https:\/\/www.wilkening-methode.com\/wp_uwhp\/termine\/","title":{"rendered":"<font color=\"#000000\">Workshops &#038; Seminare<\/font>"},"content":{"rendered":"<div align=\"justify\">Termine nach telefonischer Vereinbarung: +43 (0) 681 102 97 207<\/p>\n<p><b>Wahltherapeutin<br \/>\nMit allen Kassen abrechnungsberechtigt<\/b><\/p>\n<hr>\n<details>\n<summary><strong>Spezielle Angebote<\/strong> [ <u><srong>?<\/srong><\/u> ]<\/summary>\n<p>Hier finden Sie aktuelle Trainingsangebote, Seminare und Workshops ebenso wie kurzfristige Termine.<br \/>\n<!--Ausgebuchte Workshops und Vortr\u00e4ge sind mit einem <img decoding=\"async\" src=\"https:\/\/www.wilkening-methode.com\/ups\/pics\/checkX.GIF\"> und freie Pl\u00e4tze mit einem <img decoding=\"async\" src=\"https:\/\/www.wilkening-methode.com\/ups\/pics\/check4h.GIF\"> gekennzeichnet.<br \/>--><b>Bitte beachten Sie, dass einige Workshops eine Anmeldedeadline haben und melden Sie sich so fr\u00fch wie m\u00f6glich verbindlich an.<\/b><br \/>\n<\/details>\n<hr>\n<ul>\n<li><img decoding=\"async\" src=\"https:\/\/www.wilkening-methode.com\/ups\/pics\/check4h.GIF\"><u><span style=\"background-color: #ffff00\">7 Tage Workshop <b>Biodynamisches Gehen &#8211; WilkeningWalkOfLife<\/u><\/b><\/span> auf La Gomera\/El Cabrito (Kanarische Inseln)<br \/>\n<font color=green\"><i>&#8222;BIODYNAMISCH GEHEN und Selbstheilungskr\u00e4fte aktivieren&#8220;<\/i><\/font><br \/>\n<b>09.-16. Mai 2026: <a href= \"https:\/\/www.wilkening-methode.com\/ups\/Wilkening_Workshop_El_Cabrito_2026c.pdf\">Infos [PDF]<\/a><\/b><br \/>\n<u>Anmeldung per <a href=\"mailto:physio@wilkening-methode.com?subject=Workshop_LaGomera\">Mail<\/a> oder <a href=\"tel:004368110297207\">+4368110297207<\/a><\/u>\n<\/li>\n<\/ul>\n<hr>\n<hr>\n<ul>\n<li><img decoding=\"async\" src=\"https:\/\/www.wilkening-methode.com\/ups\/pics\/check4h.GIF\"><u>Workshop f\u00fcr mehr Bewegungsbewusstsein &#038; K\u00f6rperarbeit als Schl\u00fcssel zu Stabilit\u00e4t &#038; Selbstheilung<\/u><\/b> in Hamburg (Deutschland)<br \/>\n<font color=green\"><i>&#8222;BIODYNAMISCH GEHEN und Selbstheilungskr\u00e4fte aktivieren&#8220;<\/i><\/font><br \/>\n<b>06. &#8211; 07.Juni 2026: <a href= \"https:\/\/www.wilkening-methode.com\/ups\/WWoL_Flyer_Workshop-HH_2026.pdf\">Infos [PDF]<\/a><\/b><br \/>\n<u>Anmeldung auch m\u00f6glich per <a href=\"mailto:physio@wilkening-methode.com?subject=Workshop_Hamburg\">Mail<\/a> oder <a href=\"tel:004368110297207\">+4368110297207<\/a><\/u>\n<\/li>\n<\/ul>\n<hr>\n<hr>\n<ul>\n<li><img decoding=\"async\" src=\"https:\/\/www.wilkening-methode.com\/ups\/pics\/check4h.GIF\"> <a href=\"https:\/\/www.wilkening-methode.com\/wp_uwhp\/?page_id=1173\">Zoom-Trainings 2026<\/a>\n<\/li>\n<\/ul>\n<p><!--<font color=\"#cc1100\">Aktuelle Workshops erfragen Sie bitte per <a href=\"mailto:physio@wilkening-methode.com?subject=aktuelle_Workshops\">Mail<\/a><\/font>--><br \/>\n<!--<font color=\"#cc1100\">Workshops f\u00fcr 2026 werden hier ausgeschrieben<\/font>--><!-- <font color=\"#cc1100\">Informationen sind in K\u00fcrze hier verf\u00fcgbar<\/font> --><!-- - <font color=\"#cc1100\">Informationen f\u00fcr 2026 sind in K\u00fcrze hier verf\u00fcgbar<\/font> --><\/p>\n<hr>\n<hr>\n<p>Hast du an einem Workshop oder Seminar teilgenommen, schick mir gerne <a href=\"mailto:physio@wilkening-methode.com?subject=Feedback\">Feedback<\/a> oder benutze daf\u00fcr mein praktisches <a href=\"https:\/\/www.wilkening-methode.com\/wp_uwhp\/?page_id=1281\">Online-Formular<\/a>.<\/p>\n<p>\n<!--M\u00f6chten Sie einen Blick auf bereits vergangene oder ausgebuchte Kurse werfen, folgen Sie <a href=\"https:\/\/www.wilkening-methode.com\/wp_uwhp\/?page_id=788\">diesem Link<\/a>. --><\/p>\n<p><a href=\"https:\/\/www.wilkening-methode.com\/wp_uwhp\/?page_id=986\">Stornobedingungen<\/a>\n<\/div>\n<div>\n<p style=\"float: left\"><a href = \"#top\">&#8682; Top<\/a><\/p>\n<p style=\"float: right\"><a href=\"https:\/\/www.wilkening-methode.com\/wp_uwhp\/?page_id=51\">Kontakt<\/a><\/p>\n<\/div>\n","protected":false},"excerpt":{"rendered":"<p>Termine nach telefonischer Vereinbarung: +43 (0) 681 102 97 207 Wahltherapeutin Mit allen Kassen abrechnungsberechtigt Spezielle Angebote [ ? ] Hier finden Sie aktuelle Trainingsangebote, Seminare und Workshops ebenso wie kurzfristige Termine. Bitte beachten Sie, dass einige Workshops eine Anmeldedeadline haben und melden Sie sich so fr\u00fch wie m\u00f6glich verbindlich an. 7 Tage Workshop Biodynamisches [&hellip;]<\/p>\n","protected":false},"author":2,"featured_media":0,"parent":0,"menu_order":0,"comment_status":"closed","ping_status":"closed","template":"","meta":{"footnotes":""},"class_list":["post-47","page","type-page","status-publish","hentry"],"_links":{"self":[{"href":"https:\/\/www.wilkening-methode.com\/wp_uwhp\/wp-json\/wp\/v2\/pages\/47","targetHints":{"allow":["GET"]}}],"collection":[{"href":"https:\/\/www.wilkening-methode.com\/wp_uwhp\/wp-json\/wp\/v2\/pages"}],"about":[{"href":"https:\/\/www.wilkening-methode.com\/wp_uwhp\/wp-json\/wp\/v2\/types\/page"}],"author":[{"embeddable":true,"href":"https:\/\/www.wilkening-methode.com\/wp_uwhp\/wp-json\/wp\/v2\/users\/2"}],"replies":[{"embeddable":true,"href":"https:\/\/www.wilkening-methode.com\/wp_uwhp\/wp-json\/wp\/v2\/comments?post=47"}],"version-history":[{"count":219,"href":"https:\/\/www.wilkening-methode.com\/wp_uwhp\/wp-json\/wp\/v2\/pages\/47\/revisions"}],"predecessor-version":[{"id":1652,"href":"https:\/\/www.wilkening-methode.com\/wp_uwhp\/wp-json\/wp\/v2\/pages\/47\/revisions\/1652"}],"wp:attachment":[{"href":"https:\/\/www.wilkening-methode.com\/wp_uwhp\/wp-json\/wp\/v2\/media?parent=47"}],"curies":[{"name":"wp","href":"https:\/\/api.w.org\/{rel}","templated":true}]}}