{"id":788,"date":"2018-01-23T15:00:12","date_gmt":"2018-01-23T14:00:12","guid":{"rendered":"http:\/\/www.wilkening-methode.com\/wp_uwhp\/?page_id=788"},"modified":"2025-09-14T12:15:00","modified_gmt":"2025-09-14T10:15:00","slug":"abgeschlossene-workshops-seminare","status":"publish","type":"page","link":"https:\/\/www.wilkening-methode.com\/wp_uwhp\/termine\/abgeschlossene-workshops-seminare\/","title":{"rendered":"Abgeschlossene Workshops &#038; Seminare"},"content":{"rendered":"<p><!--<font color=\"#cc1100\">Anmeldeformular und Informationen sind in K\u00fcrze hier verf\u00fcgbar<\/font>\n<font color=\"#cc1100\">[In K\u00fcrze hier verf\u00fcgbar]<\/font>--><\/p>\n<p><b><span style=\"background-color: #ffff00\">ACHTUNG, alle hier aufgelisteten Termine sind bereits abgeschlossen oder vollst\u00e4ndig ausgebucht!<img decoding=\"async\" src=\"http:\/\/www.wilkening-methode.com\/ups\/pics\/checkX.GIF\"><\/span><\/b><\/p>\n<p><b>Wenn Sie sich f\u00fcr ein Thema interessieren, sehen Sie bitte auf der <a href=\"http:\/\/www.wilkening-methode.com\/wp_uwhp\/?page_id=47\">aktuellen Workshops &#038; Seminare<\/a> Seite nach. Sollten Sie dort nicht f\u00fcndig werden, melden Sie sich bitte <a href=\"mailto:physio@wilkening-methode.com?subject=Anfrage_(Website)\">bei mir<\/a> mit einer Nachfrage ob es ein weiteres Seminar oder einen Workshop mit dem gew\u00fcnschten Thema gibt.<\/b><\/p>\n<p><b><font color=\"#cc1100\">Alle hier verlinkten Anmeldeformulare sind nicht mehr g\u00fcltig und unter Umst\u00e4nden nicht mehr abrufbar!<\/font><\/b><\/p>\n<hr>\n<p><!--                   ADD        BELOW                      --><\/p>\n<ul><u><a name=\"biodyn\"><\/a>2-Tagesworkshop <b>Biodynamisches Gehen &#8211; Wilkening Walk of Life<\/u><\/b>   in Wien<br \/>\n<i>&#8222;Selbstheilung praktizieren durch das BIODYNAMISCHE GEHEN!&#8220;<\/i><br \/>\n<b><span style=\"background-color: #ffff00\">13.-14. April 2024<\/span>: <a href= \"https:\/\/www.wilkening-methode.com\/ups\/Wilkening_Workshop_Walk_of_Life_April_24.pdf\">Informationen und Anmeldung [PDF]<\/a><\/b> <\/p>\n<p>Weiterf\u00fchrende Informationen:<br \/>\n<a href=\"https:\/\/www.wilkening-methode.com\/ups\/Wilkening_GOING_Vita.pdf\">GOING Vita [PDF]<\/a> | <a href=\"https:\/\/www.wilkening-methode.com\/ups\/Wilkening_Info_Outdoortraining.pdf\">Outdoor Training Info [PDF]<\/a> | <a href=\"https:\/\/www.wilkening-methode.com\/ups\/Wilkening_Artikel.pdf\">Artikel Neues Leben [PDF]<\/a>\n<\/ul>\n<ul><b><u><a name=\"biodyn\"><\/a>Biodynamisches Gehen &#8211; Wilkening Walk of Life<\/u><\/b> in Wien<br \/>\nInformationsbrosch\u00fcre: <a href=\"https:\/\/www.wilkening-methode.com\/ups\/Wilkening_Folder_deu_v9_.pdf\">Deutsch [PDF]<\/a> | <a href=\"https:\/\/www.wilkening-methode.com\/ups\/Wilkening_Folder_eng_v2_.pdf\">Englisch [PDF]<\/a><br \/>\nFachartikel biodynamisches Gehen: <a href= \"https:\/\/www.smd.at\/data\/files\/Magazin\/SMD_Magazin_Neues_Leben_2019_02\/6\/\">&#8222;Neues Leben 02\/19&#8220;<\/a> <a href=\"https:\/\/www.wilkening-methode.com\/ups\/Artikel_Neues Leben_Gehen_2019.pdf\">[PDF]<\/a><br \/>\n<b><span style=\"background-color: #ffff00\">2022<\/span>: Termine auf <a href=\"mailto:physio@wilkening-methode.com?subject=Terminanfrage_Wilkening_Walk_of_Life_2022(Website)\">Anfrage<\/a><\/b>\n<\/ul>\n<ul><a name=\"wsBioDyn23\"><img decoding=\"async\" src=\"https:\/\/www.wilkening-methode.com\/ups\/pics\/check4h.GIF\"><\/a><b><u><a href=\"https:\/\/www.wilkening-methode.com\/ups\/Tagesworksshop_Walk_of_Life_20230326.pdf\">Tagesworkshop Biodynamisches Gehen mit dem Wilkening Walk of Life<\/a><\/u> am <span style=\"background-color: #ffff00\">26. M\u00e4rz 2023<\/span><\/b><br \/>\n<i>&#8222;Selbstheilung praktizieren durch das Biodynamische GEHEN&#8220;<\/i><\/p>\n<p><a href=\"https:\/\/www.wilkening-methode.com\/ups\/Tagesworksshop_Walk_of_Life_20230326.pdf\"><b>Anmeldeformular und Informationen <\/b> [PDF]<\/a><\/ul>\n<hr>\n<ul><a name=\"wsSylt22\"><img decoding=\"async\" src=\"https:\/\/www.wilkening-methode.com\/ups\/pics\/checkX.GIF\"><\/a><b><u><a href=\"https:\/\/www.wilkening-methode.com\/ups\/Wilkening_Workshop_Sylt_22b.pdf\">Workshop Sylt<\/a><\/u> vom <span style=\"background-color: #ffff00\">3. &#8211; 9. Juni 2022<\/span><\/b><br \/>\n<i>&#8222;Erlernen Sie mein innovatives Gesundheitsprogramm, das die Wechselwirkung zwischen Bewegungsapparat, Stoffwechsel &#038; Psyche mittels ganzheitlich orientiertem Bewegungskonzept nutzt!&#8220;<\/i><\/p>\n<p><a href=\"https:\/\/www.wilkening-methode.com\/ups\/Wilkening_Workshop_Sylt_22b.pdf\"><img decoding=\"async\" src=\"https:\/\/www.wilkening-methode.com\/ups\/pics\/sylt-prev.jpg\"><\/img><\/a> <\/p>\n<p><a href=\"https:\/\/www.wilkening-methode.com\/ups\/Wilkening_Workshop_Sylt_22b.pdf\"><b>Anmeldeformular und Informationen f\u00fcr 2022<b> [PDF]<\/a><\/ul>\n<hr>\n<ul><a name=\"wsdH20\"><img decoding=\"async\" src=\"https:\/\/www.wilkening-methode.com\/ups\/pics\/checkX.GIF\"><\/a><b><u><a href=\"https:\/\/www.wilkening-methode.com\/ups\/2020_Seminar_Das_Heilverm\u00f6gen_des_K\u00f6rpers_durch_Schwingung_entfalten.pdf\">Seminar Das Heilverm\u00f6gen des K\u00f6rpers durch Schwingung entfalten<\/a><\/u> vom <span style=\"background-color: #ffff00\"><del>24.Oktober- 25.Oktober 2020<\/del><\/span><\/b><br \/>\n<b>Aufgrund der aktuellen COVID-19 Beschr\u00e4nkungen wird der Workshop zu einem sp\u00e4teren Zeitpunkt nachgeholt.<\/b><br \/>\n<a href=\"https:\/\/www.wilkening-methode.com\/ups\/2020_Seminar_Das_Heilverm\u00f6gen_des_K\u00f6rpers_durch_Schwingung_entfalten.pdf\"><b>Anmeldeformular und Informationen<b> [PDF]<\/a><\/ul>\n<hr>\n<ul><a name=\"wsIKB20\"><img decoding=\"async\" src=\"https:\/\/www.wilkening-methode.com\/ups\/pics\/checkX.GIF\"><\/a><b><u><a href=\"https:\/\/www.wilkening-methode.com\/ups\/Wilkening_Workshop_ImKoerperbewusstSein_2020.pdf\">Workshop Im K\u00f6rper-bewusst-Sein<\/a><\/u> am <span style=\"background-color: #ffff00\"><del>15.November 2020 von 9:45 bis 17:00 Uhr<\/del><\/span><\/b><br \/>\n<b>Aufgrund der aktuellen COVID-19 Beschr\u00e4nkungen wird der Workshop zu einem sp\u00e4teren Zeitpunkt nachgeholt.<\/b><br \/>\n<a href=\"https:\/\/www.wilkening-methode.com\/ups\/Wilkening_Workshop_ImKoerperbewusstSein_2020.pdf\"><img decoding=\"async\" src=\"https:\/\/www.wilkening-methode.com\/ups\/pics\/KBWS1.jpg\"><\/img><\/a><br \/>\n<a href=\"https:\/\/www.wilkening-methode.com\/ups\/Wilkening_Workshop_ImKoerperbewusstSein_2020.pdf\"><img decoding=\"async\" src=\"https:\/\/www.wilkening-methode.com\/ups\/pics\/KBWS2.jpg\"><\/img><\/a> <\/p>\n<p><a href=\"https:\/\/www.wilkening-methode.com\/ups\/Wilkening_Workshop_ImKoerperbewusstSein_2020.pdf\"><b>Workshop-Details <b>[PDF]<\/a><\/ul>\n<hr>\n<ul><a name=\"wsSylt21\"><img decoding=\"async\" src=\"https:\/\/www.wilkening-methode.com\/ups\/pics\/checkX.GIF\"><\/a><b><u>Workshop Sylt<\/u> vom <span style=\"background-color: #ffff00\">21.Mai &#8211; 27.Mai 2021<\/span><\/b><br \/>\nDas ganzheitlich orientierte Bewegungskonzept bietet ein innovatives Gesundheitsprogramm, das die Wechselwirkung zwischen Bewegungsapparat, Stoffwechsel &#038; Psyche nutzt.<\/p>\n<p><b>Anmeldeformular und Informationen f\u00fcr 2021<b> [PDF]<\/ul>\n<ul><a name=\"wsSylt20\"><img decoding=\"async\" src=\"http:\/\/www.wilkening-methode.com\/ups\/pics\/checkX.GIF\"><\/a><b><u>Workshop Sylt<\/u> vom <span style=\"background-color: #ffff00\">29.Mai &#8211; 3.Juni 2020<\/span><\/b><br \/>\nDas ganzheitlich orientierte Bewegungskonzept bietet ein innovatives Gesundheitsprogramm, das die Wechselwirkung zwischen Bewegungsapparat, Stoffwechsel &#038; Psyche nutzt.<\/p>\n<p>Anmeldeformular und Informationen [PDF]<\/ul>\n<p><strong>Wegen Corona abgesagt<\/strong><br \/>\n<!-- <a href=\"http:\/\/www.wilkening-methode.com\/wp_uwhp\/?page_id=885#Sylt2019\"><font color=\"#cc1100\">Impressionen Sylt 2019<\/font><\/a> --><\/p>\n<hr>\n<ul><a name=\"wsBock\"><img decoding=\"async\" src=\"http:\/\/www.wilkening-methode.com\/ups\/pics\/checkX.GIF\"><\/a>Workshop <b><u><a href=\"http:\/\/www.wilkening-methode.com\/ups\/Wilkening_Seminar_Bockum_2019_web.pdf\">Integrative K\u00f6rperarbeit &#038; Bewegungsmeditation<\/a><\/u> vom <span style=\"background-color: #ffff00\">26. bis 27.Oktober 2019<\/span><\/b><br \/>\n<span style=\"background-color: #cccccc\"><b><i>&#8222;Durch Bewegungsmeditation k\u00f6nnen wir Bewegungen viel intensiver von innen erleben, unsere urspr\u00fcnglichen Bewegungsabl\u00e4ufe wieder beleben und mit den Bewegungsfolgen zu einem FLOW \/ gedankenlosen Fluss verschmelzen&#8220;<\/i><\/b><\/span><br \/>\n<a href=\"http:\/\/www.wilkening-methode.com\/ups\/pics\/Wilkening_Seminar_Bockum_2019_web_FULL.jpg\"><img decoding=\"async\" src=\"http:\/\/www.wilkening-methode.com\/ups\/pics\/Wilkening_Seminar_Bockum_2019_web_PREV.jpg\"><\/img><\/a><br \/>\n<b>Bei Interesse melden Sie sich bitte direkt per E-Mail oder telefonisch an!<\/b><br \/>\nF\u00fcr Fragen, z.B. zur Unterbringung in einer g\u00fcnstigen Pension, stehe ich gerne zur Verf\u00fcgung.<br \/>\n<a href=\"http:\/\/www.wilkening-methode.com\/ups\/Wilkening_Seminar_Bockum_2019_web.pdf\">Seminarflugblatt [PDF]<\/a><\/p>\n<\/ul>\n<hr>\n<ul><a name=\"wsSdS19\"><img decoding=\"async\" src=\"http:\/\/www.wilkening-methode.com\/ups\/pics\/checkX.GIF\"><\/a><b><u><a href=\"http:\/\/www.wilkening-methode.com\/ups\/Wilkening_Workshop_2019_Steiermark.pdf\"><del>Workshop S\u00fcdsteiermark<\/del><\/a><\/u> vom <span style=\"background-color: #ffff00\"><del>27.Oktober bis 30.Oktober 2019<\/del><\/span><\/b><br \/>\n<span style=\"background-color: #cccccc\"><b><i>&#8222;Die Heilkraft der urspr\u00fcnglichen Bewegungsabl\u00e4ufe&#8220;<\/i><\/b><\/span><br \/>\n<del>Integratives Training &amp; Innerwork nach der Wilkening-Methode<br \/>\nVitalisierungsprogramm zur Pr\u00e4vention &amp; Regeneration von R\u00fccken- und Gelenkproblemen sowie stressbedingten Erkrankungen<br \/>\n<a href=\"http:\/\/www.wilkening-methode.com\/ups\/Wilkening_Workshop_2019_Steiermark.pdf\">Anmeldeformular und Informationen [PDF]<\/a><\/del><\/ul>\n<hr>\n<ul><a name=\"wsSylt\"><img decoding=\"async\" src=\"http:\/\/www.wilkening-methode.com\/ups\/pics\/checkX.GIF\"><\/a><b><u>Workshop Sylt<\/u> vom <span style=\"background-color: #ffff00\">7.Juni bis 12.Juni 2019<\/span><\/b><\/p>\n<p>Anmeldeformular und Informationen [PDF]<\/ul>\n<hr>\n<ul><a name=\"wsDEWI2\"><img decoding=\"async\" src=\"http:\/\/www.wilkening-methode.com\/ups\/pics\/checkX.GIF\"><\/a><b><u>Vortrag: <a href=\"http:\/\/www.wilkening-methode.com\/ups\/Wilkening-Regeneration_statt_Degeneration_Wien_20190516_v2_web.pdf\">Regeneration statt Degeneration<\/a><\/u><\/b> am <b><span style=\"background-color: #ffff00\">16. Mai 2019 um 20 Uhr<\/span><\/b> in Wien<\/p>\n<p><a href=\"http:\/\/www.wilkening-methode.com\/ups\/pics\/Wilkening-Regeneration_statt_Degeneration_Wien_20190516_v2_web_HQ.png\"><img decoding=\"async\" src=\"http:\/\/www.wilkening-methode.com\/ups\/pics\/Wilkening-Regeneration_statt_Degeneration_Wien_20190516_v2_web.jpg\"><\/img><\/a><\/p>\n<p><a href=\"http:\/\/www.wilkening-methode.com\/ups\/Wilkening-Regeneration_statt_Degeneration_Wien_20190516_v2_web.pdf\">Informationen [PDF]<\/a><\/ul>\n<hr>\n<ul><a name=\"wsBOZG\"><img decoding=\"async\" src=\"http:\/\/www.wilkening-methode.com\/ups\/pics\/checkX.GIF\"><\/a><b><u><a href=\"http:\/\/www.wilkening-methode.com\/ups\/pics\/Wilkening-Gehmeditation_meditazione_camminando.jpg\">Gehmeditation\/meditazione camminando<\/a><\/u><\/b> am <b><span style=\"background-color: #ffff00\">13. April 2019 um 15 Uhr<\/span><\/b> in Bozen<\/p>\n<p><img decoding=\"async\" src=\"http:\/\/www.wilkening-methode.com\/ups\/pics\/Wilkening-Gehmeditation_meditazione_camminando.jpg\"><\/img><\/p>\n<hr>\n<ul><a name=\"wsDEWI\"><img decoding=\"async\" src=\"http:\/\/www.wilkening-methode.com\/ups\/pics\/checkX.GIF\"><\/a><b><u>Vortrag: <a href=\"http:\/\/www.wilkening-methode.com\/ups\/Wilkening-Detox_Wien_2019_v3_web.pdf\">DETOX speziell f\u00fcr den Bewegungsapparat<\/a><\/u><\/b> am <b><span style=\"background-color: #ffff00\">15. M\u00e4rz 2019 um 19 Uhr<\/span><\/b> in Wien<\/p>\n<p><a href=\"http:\/\/www.wilkening-methode.com\/ups\/Wilkening-Detox_Wien_2019_v3_web.pdf\"><img decoding=\"async\" src=\"http:\/\/www.wilkening-methode.com\/ups\/pics\/Wilkening-Detox_Wien_2019_v3_web_01_1.jpg\"><\/img><\/a><\/p>\n<p><a href=\"http:\/\/www.wilkening-methode.com\/ups\/Wilkening-Detox_Wien_2019_v3_web.pdf\">Informationen [PDF]<\/a><\/ul>\n<hr>\n<ul><a name=\"wsSdS\"><img decoding=\"async\" src=\"http:\/\/www.wilkening-methode.com\/ups\/pics\/checkX.GIF\"><\/a><b><u><a href=\"http:\/\/www.wilkening-methode.com\/ups\/Wilkening_Workshop_2018_Steiermark.pdf\">Workshop S\u00fcdsteiermark<\/a><\/u> vom <span style=\"background-color: #ffff00\">31.Oktober bis 4.November 2018<\/span><\/b><br \/>\n<span style=\"background-color: #cccccc\"><b><i>&#8222;Die Heilkraft der urspr\u00fcnglichen Bewegungsabl\u00e4ufe&#8220;<\/i><\/b><\/span><br \/>\nIntegratives Training &amp; Innerwork nach der Wilkening-Methode<br \/>\nVitalisierungsprogramm zur Pr\u00e4vention &amp; Regeneration<br \/>\nvon R\u00fccken- und Gelenkproblemen sowie stressbedingten Erkrankungen<br \/>\n<a href=\"http:\/\/www.wilkening-methode.com\/ups\/Wilkening_Workshop_2018_Steiermark.pdf\">Anmeldeformular und Informationen [PDF]<\/a><\/ul>\n<hr>\n<ul><a name=\"wsBoc\"><img decoding=\"async\" src=\"http:\/\/www.wilkening-methode.com\/ups\/pics\/checkX.GIF\"><\/a>Workshop <b><u><a href=\"http:\/\/www.wilkening-methode.com\/ups\/Wilkening_Seminar_Bockum_2018_Anmeldung.pdf\">Integrative K\u00f6rperarbeit &#038; Bewegungsmeditation nach der Wilkening-Methode<\/a><\/u> vom <span style=\"background-color: #ffff00\">29. bis 30.September 2018<\/span><\/b><br \/>\n<span style=\"background-color: #cccccc\"><b><i>&#8222;Durch Bewegungsmeditation k\u00f6nnen wir Bewegungen viel intensiver von innen erleben, unsere urspr\u00fcnglichen Bewegungsabl\u00e4ufe wieder beleben und mit den Bewegungsfolgen zu einem FLOW \/ gedankenlosen Fluss verschmelzen&#8220;<\/i><\/b><\/span><\/p>\n<p>Diese Art der Bewegungsmeditation dient der Sensibilisierung f\u00fcr gelenkfreundliche Bewegungsabl\u00e4ufe. Die meditativen Bewegungsfolgen entsprechen den urspr\u00fcnglichen dreidimensionalen Schwungbewegungen des Menschen, die regenerativ und heilsam auf das ganze menschliche System wirken. Alles bewegt sich, alles schwingt im Rhythmus des Allbewusstseins. In jeder noch so kleinen Bewegung verk\u00f6rpern wir entweder Einheit oder Bewegungen, die isoliert stattfinden.<\/p>\n<p>Achtsamkeit beginnt im K\u00f6rper, wird als Intuition von der Seele verstanden und dr\u00fcckt sich in der Handlung aus.<\/p>\n<hr style=\"border: 0;border-top: 1px dashed #ccc;\">\n<b>Bei Interesse melden Sie sich bitte bis sp\u00e4testens 15.August 2018 an!<\/b><br \/>\nF\u00fcr Fragen, z.B. zur Unterbringung in einer g\u00fcnstigen Pension, stehe ich gerne zur Verf\u00fcgung.<br \/>\n<a href=\"http:\/\/www.wilkening-methode.com\/ups\/Wilkening_Bockum_2018_Ausschreibung_WEB.pdf\">Seminarflugblatt [PDF]<\/a><br \/>\n<a href=\"http:\/\/www.wilkening-methode.com\/ups\/Wilkening_Seminar_Bockum_2018_Anmeldung.pdf\">Anmeldeformular [PDF]<\/a>\n<\/ul>\n<hr>\n<ul><img decoding=\"async\" src=\"http:\/\/www.wilkening-methode.com\/ups\/pics\/checkX.GIF\"><b><u>Workshop auf Sylt<\/u> vom <span style=\"background-color: #ffff00\">1. bis 6. Juni 2018<\/span><\/b><br \/>\n<span style=\"background-color: #cccccc\"><b><i>&#8222;Gelenke lenken mich durchs Leben&#8220;<\/i><\/b><\/span><br \/>\nIntegratives Training &amp; Innerwork nach der Wilkening-Methode<br \/>\nBringt Entspannung und Bewegung in Ihr Leben<br \/>\n5-Tage Seminar auf Sylt in der Akademie am Meer\/Klappholttal<br \/>\nAnmeldeformular und Informationen [PDF]<\/ul>\n<hr>\n<ul><a name=\"wsRtr\"><img decoding=\"async\" src=\"http:\/\/www.wilkening-methode.com\/ups\/pics\/checkX.GIF\"><\/a><b><u><a href=\"http:\/\/www.wilkening-methode.com\/ups\/Wilkening-Retreat-2018-web.pdf\">Stille-Retreat<\/a><\/u> 2018 in Bad M\u00fcnder\/Norddeutschland<\/b><br \/>\nTermin: <b><span style=\"background-color: #ffff00\">19. &#8211; 21. Mai 2018<\/span><\/b><br \/>\n<span style=\"background-color: #cccccc\"><b><i>&#8222;Bewegungsmeditation nach der Wilkening-Methode&#8220;<\/i><\/b><\/span><br \/>\n<b>Begrenzte Teilnehmeranzahl!<\/b><br \/>\n<a href=\"http:\/\/www.wilkening-methode.com\/ups\/Wilkening-Retreat-2018-web.pdf\">Anmeldung und Details [PDF]<\/a><\/p>\n<\/ul>\n<hr>\n<ul><a name=\"voUes\"><\/a><img decoding=\"async\" src=\"http:\/\/www.wilkening-methode.com\/ups\/pics\/checkX.GIF\">Vortrag <u><b><a href=\"http:\/\/www.wilkening-methode.com\/ups\/Wilkening-Volksepidemie_Uebersaeuerung_web.pdf\">Volksepidemie \u00dcbers\u00e4uerung<\/a><\/u> am 11.01.2018 in Wien<\/b><br \/>\n<span style=\"background-color: #cccccc\"><b><i>&#8222;Ents\u00e4uern Sie Ihr Leben!&#8220;<\/i><\/b><\/span><br \/>\n<b><a href=\"mailto:physio@wilkening-methode.com?subject=Anmeldung_Workshop_Uebersaeuerung_11_Jan_2018(Website)\"><font color=\"#000000\">Um<\/font> Anmeldung f\u00fcr den Vortrag <font color=\"#000000\">wird gebeten!<\/font><\/a><\/b><br \/>\n<a href=\"http:\/\/www.wilkening-methode.com\/ups\/Wilkening-Volksepidemie_Uebersaeuerung_web.pdf\">Informationen zum Vortrag<\/a><br \/>\nZus\u00e4tzlich gibt es einen 3-teiligen Workshop wie folgt:<br \/> <a href=\"http:\/\/www.wilkening-methode.com\/wp_uwhp\/?page_id=47#wsUes\">LINK zum Workshop<\/a><br \/>\n<!--\n\n<hr style=\"border-style: dashed; size: 1px;\">--><\/p>\n<hr style=\"border: 0;border-top: 1px dashed #ccc;\">\n<!--\n\n<hr style=\"border: 0px; border-top: 1px; border-style: dashed;\">-->\n<\/ul>\n<ul><a name=\"wsUes\"><img decoding=\"async\" src=\"http:\/\/www.wilkening-methode.com\/ups\/pics\/checkX.GIF\"><\/a><b><u><a href=\"http:\/\/www.wilkening-methode.com\/ups\/Wilkening-Workshop_Entsaeuere_Dein_Leben_web.pdf\">Workshop Ents\u00e4uerung<\/a><\/u> 2018 in Wien (3 Teile!)<\/b><br \/>\nTermin: <b><span style=\"background-color: #ffff00\">5., 17., 24. April 2018<\/span><\/b><br \/>\n<span style=\"background-color: #cccccc\"><b><i>&#8222;Ents\u00e4uere Dein Leben!&#8220;<\/i><\/b><\/span><br \/>\n<b><a href=\"mailto:physio@wilkening-methode.com?subject=Anmeldung_Workshop_Uebersaeuerung_April_2018(Website)\">Anmeldung per Email<\/a>.<br \/>\nBegrenzte Teilnehmeranzahl!<\/b><br \/>\n<a href=\"http:\/\/www.wilkening-methode.com\/ups\/Wilkening-Workshop_Entsaeuere_Dein_Leben_web.pdf\">Informationen zum Workshop [PDF]<\/a><\/p>\n<\/ul>\n<hr>\n<ul><img decoding=\"async\" src=\"http:\/\/www.wilkening-methode.com\/ups\/pics\/checkX.GIF\"><b><u>Workshop auf Sylt<\/u> vom <span style=\"background-color: #ffff00\">21. bis 25. Februar 2018<\/span><\/b><br \/>\n<span style=\"background-color: #cccccc\"><b><i>&#8222;Wie verk\u00f6rpere ich die Rollen meines Lebens?&#8220;<\/i><\/b><\/span><br \/>\nVerinnerlichen Sie die Bedeutung der Biike, einem Feuerfest nach<br \/>\nalter nordfriesischer Tradition, das eine Wende einleitet.<br \/>\nVerabschiedet wurden seinerzeit die Walf\u00e4nger und auch der Winter,<br \/>\noft als Strohpuppe oben auf dem Feuer zu sehen.<br \/>\nM\u00f6chten Sie diese Energie nutzen, um sich von belastenden Gewohnheiten zu verabschieden?<br \/>\nAnmeldeformular und Informationen<\/ul>\n<hr>\n<ul>Einf\u00fchrungskurs: <u><b><a href=\"http:\/\/www.wilkening-methode.com\/ups\/Einladung_Einfuehrungskurs_18.pdf\">Integratives Trainingskonzept nach der <i>Wilkeining-Methode<\/i><\/a><\/u> am <span style=\"background-color: #ffff00\">08.Februar 2018<\/span> in Wien<\/b><br \/>\n<span style=\"background-color: #cccccc\"><b><i>&#8222;Bewegungsqualit\u00e4t ist Lebensqualit\u00e4t&#8220;<\/i><\/b><\/span><br \/>\n<b><a href=\"mailto:physio@wilkening-methode.com?subject=Anmeldung_TrainingskonzeptWilkeningMethode_08_Feb_2018(Website)\"><font color=\"#000000\">Um<\/font> Anmeldung per Mail <font color=\"#000000\">wird gebeten!<\/font><\/a><\/b>\n<\/ul>\n<hr>\n<ul><b>Wilkening Walk of Life 9. bis 11. September 2016<\/b><br \/>\nIm OASE-Heilhaus an der Ostsee<br \/>\n<a href=\"http:\/\/www.wilkening-methode.com\/ups\/Wilkening_Workshop_2016_09_Ostsee.pdf\">Anmeldeformular und Informationen<\/a>\n<\/ul>\n<hr>\n<ul><b><u>Workshop Bockum<\/u> vom 18. bis 19. November 2017<\/b><br \/>\n<span style=\"background-color: #cccccc\"><b><i>&#8222;Bewegungsfreiheit macht gute Laune!&#8220;<\/i><\/b><\/span><br \/>\nTrainingsworkshop zur Stabilisation des Bewegungsapparats<br \/>\nunter fachmedizinischer Anleitung<br \/>\n<a href=\"http:\/\/www.wilkening-methode.com\/ups\/Wilkening_Workshop_Bockum_2017_Anmeldeformular.pdf\">Anmeldeformular<\/a><br \/>\n<a href=\"http:\/\/www.wilkening-methode.com\/ups\/Wilkening_Workshop_Bockum_2017_Info.pdf\">Informationen<\/a><\/ul>\n","protected":false},"excerpt":{"rendered":"<p>ACHTUNG, alle hier aufgelisteten Termine sind bereits abgeschlossen oder vollst\u00e4ndig ausgebucht! Wenn Sie sich f\u00fcr ein Thema interessieren, sehen Sie bitte auf der aktuellen Workshops &#038; Seminare Seite nach. Sollten Sie dort nicht f\u00fcndig werden, melden Sie sich bitte bei mir mit einer Nachfrage ob es ein weiteres Seminar oder einen Workshop mit dem gew\u00fcnschten [&hellip;]<\/p>\n","protected":false},"author":2,"featured_media":0,"parent":47,"menu_order":0,"comment_status":"closed","ping_status":"closed","template":"","meta":{"footnotes":""},"class_list":["post-788","page","type-page","status-publish","hentry"],"_links":{"self":[{"href":"https:\/\/www.wilkening-methode.com\/wp_uwhp\/wp-json\/wp\/v2\/pages\/788","targetHints":{"allow":["GET"]}}],"collection":[{"href":"https:\/\/www.wilkening-methode.com\/wp_uwhp\/wp-json\/wp\/v2\/pages"}],"about":[{"href":"https:\/\/www.wilkening-methode.com\/wp_uwhp\/wp-json\/wp\/v2\/types\/page"}],"author":[{"embeddable":true,"href":"https:\/\/www.wilkening-methode.com\/wp_uwhp\/wp-json\/wp\/v2\/users\/2"}],"replies":[{"embeddable":true,"href":"https:\/\/www.wilkening-methode.com\/wp_uwhp\/wp-json\/wp\/v2\/comments?post=788"}],"version-history":[{"count":30,"href":"https:\/\/www.wilkening-methode.com\/wp_uwhp\/wp-json\/wp\/v2\/pages\/788\/revisions"}],"predecessor-version":[{"id":1507,"href":"https:\/\/www.wilkening-methode.com\/wp_uwhp\/wp-json\/wp\/v2\/pages\/788\/revisions\/1507"}],"up":[{"embeddable":true,"href":"https:\/\/www.wilkening-methode.com\/wp_uwhp\/wp-json\/wp\/v2\/pages\/47"}],"wp:attachment":[{"href":"https:\/\/www.wilkening-methode.com\/wp_uwhp\/wp-json\/wp\/v2\/media?parent=788"}],"curies":[{"name":"wp","href":"https:\/\/api.w.org\/{rel}","templated":true}]}}