{"id":93,"date":"2015-11-12T18:25:35","date_gmt":"2015-11-12T17:25:35","guid":{"rendered":"http:\/\/www.wilkening-methode.com\/wp_uwhp\/?page_id=93"},"modified":"2025-01-30T18:56:51","modified_gmt":"2025-01-30T17:56:51","slug":"praktische-anwendung","status":"publish","type":"page","link":"https:\/\/www.wilkening-methode.com\/wp_uwhp\/training\/praktische-anwendung\/","title":{"rendered":"Trainingsangebote"},"content":{"rendered":"<p>Damit Sie die theoretischen Aspekte meiner Methode wirklich in Ihr Leben integrieren k\u00f6nnen, biete ich ein kombiniertes Muskelaufbau- und Bewegungsprogramm an, aus dem ich f\u00fcr jeden einen individuellen Trainingsplan erstelle.<\/p>\n<p>Das Training biete ich \u00fcberregional in Form von <a href=\"http:\/\/www.wilkening-methode.com\/wp_uwhp\/?page_id=47\">Personal Training<\/a>, in <a href=\"http:\/\/www.wilkening-methode.com\/wp_uwhp\/?page_id=47\">Gruppen<\/a> und als <a href=\"http:\/\/www.wilkening-methode.com\/wp_uwhp\/?page_id=47\">Workshops<\/a> sowohl vor Ort Indoor\/Outdoor, als auch online mittels <a href=\"https:\/\/www.wilkening-methode.com\/wp_uwhp\/?page_id=1173\">Zoom<\/a> an.<\/p>\n<p><b>Indoor Training<\/b><br \/>\nEine Kombination aus Bewegungslehre, <span style=\"white-space: nowrap;\">K\u00f6rper-&nbsp;&#038;&nbsp;Atemtherapie,<\/span> gekoppelt mit einem Aufbautraining zur Steigerung von <span style=\"white-space: nowrap;\">Kraft&nbsp;&#038;&nbsp;Kondition<\/span> und Aktivierung des gesamten Stoffwechsels.<\/p>\n<p><b>Outdoor Training &#8211;<\/b> <font color=\"#00A591\"><b><i>Biodynamisches Gehen<\/i><\/b><\/font><br \/>\nDie Grundlagen des Indoor-Trainings werden durch das Gehtraining erweitert und k\u00f6nnen so je nach Alltagssituation\/Zeitrahmen sowohl drinnen als auch drau\u00dfen praktiziert werden.<\/p>\n<p><b>Training im B\u00fcro<\/b><br \/>\nAuch im B\u00fcro kann das Training ohne gro\u00dfen Aufwand angewendet werden. Dazu gibt es ein gezieltes \u00dcbungsprogramm, das die aufrechte Haltung unterst\u00fctzt, ohne dass sich einzelne Muskelgruppen verspannen und verk\u00fcrzen.<\/p>\n<p><b>Training f\u00fcr spezielle Zielgruppen<\/b><br \/>\nF\u00fcr <b>Sportler<\/b> Trainingsumstellung bei Fehlstellung von Gelenken und Erkennung und Korrektur von Muskeldysbalancen<br \/>\nF\u00fcr <b>Reiter<\/b> in Kooperation mit dem Reittrainer Unterst\u00fctzung bei der Analyse und Korrektur der Schiefe<br \/>\nF\u00fcr <b>Schauspieler und Musiker<\/b> an die jeweiligen Anforderungen angepasste Atem- und K\u00f6rperarbeit<\/p>\n<hr>\n<\/div>\n<div>\n<p style=\"float: left\"><a href = \"#top\">&#8682; Top<\/a><\/p>\n<\/div>\n","protected":false},"excerpt":{"rendered":"<p>Damit Sie die theoretischen Aspekte meiner Methode wirklich in Ihr Leben integrieren k\u00f6nnen, biete ich ein kombiniertes Muskelaufbau- und Bewegungsprogramm an, aus dem ich f\u00fcr jeden einen individuellen Trainingsplan erstelle. Das Training biete ich \u00fcberregional in Form von Personal Training, in Gruppen und als Workshops sowohl vor Ort Indoor\/Outdoor, als auch online mittels Zoom an. [&hellip;]<\/p>\n","protected":false},"author":1,"featured_media":0,"parent":49,"menu_order":0,"comment_status":"closed","ping_status":"closed","template":"","meta":{"footnotes":""},"class_list":["post-93","page","type-page","status-publish","hentry"],"_links":{"self":[{"href":"https:\/\/www.wilkening-methode.com\/wp_uwhp\/wp-json\/wp\/v2\/pages\/93","targetHints":{"allow":["GET"]}}],"collection":[{"href":"https:\/\/www.wilkening-methode.com\/wp_uwhp\/wp-json\/wp\/v2\/pages"}],"about":[{"href":"https:\/\/www.wilkening-methode.com\/wp_uwhp\/wp-json\/wp\/v2\/types\/page"}],"author":[{"embeddable":true,"href":"https:\/\/www.wilkening-methode.com\/wp_uwhp\/wp-json\/wp\/v2\/users\/1"}],"replies":[{"embeddable":true,"href":"https:\/\/www.wilkening-methode.com\/wp_uwhp\/wp-json\/wp\/v2\/comments?post=93"}],"version-history":[{"count":37,"href":"https:\/\/www.wilkening-methode.com\/wp_uwhp\/wp-json\/wp\/v2\/pages\/93\/revisions"}],"predecessor-version":[{"id":1395,"href":"https:\/\/www.wilkening-methode.com\/wp_uwhp\/wp-json\/wp\/v2\/pages\/93\/revisions\/1395"}],"up":[{"embeddable":true,"href":"https:\/\/www.wilkening-methode.com\/wp_uwhp\/wp-json\/wp\/v2\/pages\/49"}],"wp:attachment":[{"href":"https:\/\/www.wilkening-methode.com\/wp_uwhp\/wp-json\/wp\/v2\/media?parent=93"}],"curies":[{"name":"wp","href":"https:\/\/api.w.org\/{rel}","templated":true}]}}